{"id":6,"date":"2012-10-01T13:53:17","date_gmt":"2012-10-01T11:53:17","guid":{"rendered":"http:\/\/new.hyjek.pl\/wordpress\/?page_id=6"},"modified":"2025-04-22T21:50:36","modified_gmt":"2025-04-22T19:50:36","slug":"zainteresowania","status":"publish","type":"page","link":"https:\/\/jan.hyjek.pl\/?page_id=6","title":{"rendered":"Zainteresowania"},"content":{"rendered":"<div style=\"text-align: justify; line-height: normal;\">\n<div style=\"font-size: 10pt;\">\n<h2><strong>LOTNICTWO<\/strong> (Od ma\u0142ego, ojciec pilot.)<\/h2>\n<h3>kwiecie\u0144 2022 r. Lot balonem z <strong>Beat\u0105 Chom\u0105<\/strong> (jako pilotem), w zacnym towarzystwie pilota <strong>Romka Warota<\/strong> oraz kilkorga innych os\u00f3b. Cisza, spok\u00f3j, niespiesznie&#8230; zupe\u0142nie inne latanie je\u015bli chodzi o dynamik\u0119. Najlepszy jednak \u00f3w &#8222;p\u0142omyk nad g\u0142ow\u0105&#8221; &#8211; z \u017cyczeniami, aby nigdy nie gas\u0142!!! Troch\u0119 si\u0119 kojarzy z pi\u0119\u0107dziesi\u0105tnic\u0105&#8230; Dzi\u0119ki Wam: <strong>\u017baneto<\/strong> i <strong>Andrzeju<\/strong> za ten do lotu &#8222;impuls&#8221;.<\/h3>\n<h3>Ostatnio ponad 2. godzinny lot Tecnamem 2008 z \u0141awicy, z przyjacielem pilotem <strong>Romkiem Warotem<\/strong>. Nawiedzili\u015bmy kilka miejscowo\u015bci&#8230; Ech!!!<\/h3>\n<h3>Zawsze chcia\u0142oby si\u0119 wi\u0119cej&#8230; uzyska\u0107. Uda\u0142o si\u0119: II klasa &#8211; licencjonowany pilot szybowcowy i samolotowy, <strong>Samolot: Zlin 526<\/strong> F (p\u0142atowiec 1320, SP EHD); skok ze spadochronem, 1 diament i warunek do z\u0142otej odznaki szybowcowej &#8211; do 1979. Szczeg\u00f3lne zami\u0142owanie do akrobacji nagrodzone \u017calem, \u017ce tak jej by\u0142o niewiele. 3 sezony &#8211; latanie na lotniach w pozycji le\u017c\u0105cej (S\u0119p, Wega, Sun, R-12, inne). Zachowuj\u0119 wdzi\u0119czno\u015b\u0107 dla instruktor\u00f3w, pilot\u00f3w: <strong>Piotra Halta<\/strong> oraz (\u015bp.) <strong>Ryszarda Guni (!)<\/strong>, (\u015bp.) <strong>W\u0142adys\u0142awa Szajkowskiego<\/strong>, (\u015bp.) <strong>Witka Seroki<\/strong>, (\u015bp.) <strong>Irka Materniaka<\/strong>.<\/h3>\n<h3>Powr\u00f3t do latania po 28 latach przerwy &#8211; II klasa -licencjonowany pilot szybowcowy.<\/h3>\n<h3><strong>Szybowce<\/strong>: Czapla, Mucha 100A, Mucha Standard, Pirat, Bocian, Foka 4, Cobra 15, rok 2007: Pirat, Bocian, Junior, PW-5 Smyk, Puchacz, Pirat C.<\/h3>\n<p>Jako pasa\u017cer lata\u0142em: \u017burawiem, samolotem CSS-13 (z ojcem pilotem), Li-2 (licencja DC-3), szybowcem konstrukcji metalowej &#8211; Kormoranem, motoszybowcem Vivat, samolotami: PZL-101 Gawron, Jak-12, PZL-35 Wilga, Cessna 150, An-2, ULM Tajfun, samolotem Tecnam 2008, balonem na ogrzane powietrze. By\u0142y te\u017c wysokie loty w sferach nietykalnych.<\/p>\n<h3>Ulubione ksi\u0105\u017cki lotnicze i ksi\u0105\u017cki lotnik\u00f3w: Antoine de Saint Exupery, Roald Dahl, Ernest K. Gann, Witold Urbanowicz, Stanis\u0142aw Skalski, Tadeusz Schielle.<\/h3>\n<h3><strong>LITERATURA<\/strong><\/h3>\n<h3><strong>PIOSENKA<\/strong>-autorstwo muzyki (teksty <strong>Ma\u0142gorzata Hyjek<\/strong>), a potem w\u0142asne teksty z w\u0142asn\u0105 muzyk\u0105. Wsp\u00f3\u0142praca z kompozytorami <strong>Krzysztofem Myszkowskim<\/strong> (SDM), <strong>Jackiem Skowro\u0144skim<\/strong>, prof. <strong>Zbyszkiem Kozubem<\/strong>, <strong>Wojtkiem Winiarskim<\/strong> (Good Staff), nagrania, koncerty, kabarety. Wsp\u00f3\u0142praca (2024 r.) z zespo\u0142em <strong>POD STRZECH\u0104 <\/strong>(teksty).<strong> MUZYKA<\/strong>-kompozycje w\u0142asne, publikowane; tak\u017ce w teatrze, na konkursach Piosenki Aktorskiej we Wroc\u0142awiu i Krakowie.<strong> TEATR<\/strong> -jako forma pracy pedagogicznej i czynnik b\u0119d\u0105cy w pi\u0119knej opozycji do \u00f3wczesnej machiny szkolnej. 8 w\u0142asnych grup teatralnych, 3 kabarety.<\/h3>\n<h3>Ulubione w\u0142asne: <strong>Zabawa w \u017cycie<\/strong> (nagrodzone &#8222;Br\u0105zow\u0105 Mask\u0105&#8221; na Wojew\u00f3dzkich Konfrontacjach Sceny Szkolnej), <strong>Czerwony Kapturek SEKS<\/strong> -\u015apiewogra &#8211; dla starszej m\u0142odzie\u017cy &#8211; wystawione dla maturzyst\u00f3w<br \/>\nw dawnej &#8222;\u00d3semce&#8221; przy ul. G\u0142ogowskiej (znakomita Ekipa aktorsko-\u015bpiewacza z \u00f3wczesnej klasy III, mi\u0119dzy innymi: Agata \u015apiewak, Agnieszka Cugier, Basia Hyjek).<\/h3>\n<h3><strong>RZE\u0179BA<\/strong> &#8211; w korze, glinie, w kicie, drewnie, w kamieniu (1 w granicie ukradziono); sprzedawanie rze\u017ab, p\u0142askorze\u017ab; najwi\u0119ksze w pniach lipy &#8211; wys. 65 cm.<\/h3>\n<h3><strong>INSTALACJE<\/strong> &#8211; Realizacje w latach 70-tych. (mi\u0119dzy innymi: wielo-wahad\u0142o, twarz z powlekanego drutu).<\/h3>\n<h3><strong>WITRA\u017bE<\/strong> &#8211; 2 w\u0142asne techniki, ma\u0142e witra\u017ce, projekty.<\/h3>\n<h3><strong>GRAFIKI<\/strong> &#8211; Opublikowane w trzech powie\u015bciach: NIE OGL\u0104DAJ SI\u0118 WSTECZ, KO\u0141A CZASU, KLEPSYDRA JA\u0179NI, czyli armia s\u0142abeuszy; plakaty, malowid\u0142a \u015bcienne, olejne, ok\u0142adki wydawnictw ksi\u0105\u017ckowych.<\/h3>\n<h3><strong>SCENOGRAFIA<\/strong> &#8211; Scenografie teatralne i telewizyjne\u00a0 (PTV-3) 1978-93 (jedna z najwi\u0119kszych pasji i satysfakcji!!!) Tak\u017ce: wsp\u00f3\u0142praca z firm\u0105 <strong>Muller&amp;S\u0119dziak<\/strong>.<\/h3>\n<h3><strong>Scenografie<\/strong> w Auli UAM w Poznaniu 13. 12. 2013 roku &#8211; jubileuszowy koncert SDM. Archiwum wideo, foto. Scenografie do koncert\u00f3w SDM<br \/>\nw Poznaniu w Auli UAM. Kolejno przez kilka lat scenografie w auli UAM, kilka fotografii w galerii. Mi\u0119dzy innymi w 40. rocznic\u0119 koncertu rodz\u0105cego si\u0119 zespo\u0142u SDM Krzysia Myszkowskiego &#8211; ANIO\u0141Y &#8211; Aula UAM Pozna\u0144 12. 12. 2023 r.<\/h3>\n<h3><strong>MA\u0141\u017bE\u0143STWO RODZINA SEKS<\/strong> &#8211; wyk\u0142ady, porady, telewizyjny program autorski PTV-3, 5 odcink\u00f3w (nie wyemitowane&#8230; hm, je\u017celi nie wiadomo o co chodzi to&#8230;). Wyk\u0142ady &#8211; Licea pozna\u0144skie, LO Pobiedziska, LO Pniewy, &#8222;\u015awiate\u0142ko&#8221; Oborniki.<\/h3>\n<h3><strong>BIEGI<\/strong> &#8211; Biegi prze\u0142ajowe 3-5 kilometr\u00f3w, do 15 kilometr\u00f3w biegi narciarskie, zwyci\u0119stwa w zawodach akademickich (sp\u00f3\u017aniona propozycja trening\u00f3w<br \/>\nw klubie sportowym).<\/h3>\n<h3><strong>G\u00d3RY<\/strong> &#8211; Tatry, Ri\u0142a, Pieniny. Przyk\u0142adowa trasa jednodniowa: Ma\u0142e Ciche, Rusinowa Polana, Waksmundzka Polana, Krzy\u017cne, Orla Per\u0107, Kozie Wierchy, Zawrat, \u015awinica, Liliowe, Hala G\u0105sienicowa, Pa\u0144szczyca, Waksmundzka, Rusinowa Polana, Wiktor\u00f3wki.<\/h3>\n<h3><strong>BOJERY<\/strong> &#8211; troch\u0119 &#8222;latania&#8221; po jeziorze Kierskim dzi\u0119ki <strong>Waldemarowi Koniecznemu <\/strong>(jest w podzi\u0119kowaniach w ksi\u0105\u017cce o wojsku &#8211; bliski kolega<br \/>\nz tamtych lat, przyjaciel).<\/h3>\n<h3><strong>TANIEC<\/strong> &#8211; nauczanie: walca angielskiego, walca wiede\u0144skiego, rocka, jive&#8217;a, polki, poloneza, tanga; impreza bez ta\u0144ca jest stracona.<\/h3>\n<p><strong>RELIGIA, WIARA<\/strong><\/p>\n<p><strong>FILOZOFIA<\/strong><\/p>\n<\/div>\n<\/div>\n","protected":false},"excerpt":{"rendered":"<p>LOTNICTWO (Od ma\u0142ego, ojciec pilot.) kwiecie\u0144 2022 r. Lot balonem z Beat\u0105 Chom\u0105 (jako pilotem), w zacnym towarzystwie pilota Romka Warota oraz kilkorga innych os\u00f3b. Cisza, spok\u00f3j, niespiesznie&#8230; zupe\u0142nie inne latanie je\u015bli chodzi o dynamik\u0119. Najlepszy jednak \u00f3w &#8222;p\u0142omyk nad &hellip; <a href=\"https:\/\/jan.hyjek.pl\/?page_id=6\">Czytaj dalej <span class=\"meta-nav\">&rarr;<\/span><\/a><\/p>\n","protected":false},"author":1,"featured_media":0,"parent":0,"menu_order":3,"comment_status":"open","ping_status":"open","template":"onecolumn-page.php","meta":{"footnotes":""},"class_list":["post-6","page","type-page","status-publish","hentry"],"_links":{"self":[{"href":"https:\/\/jan.hyjek.pl\/index.php?rest_route=\/wp\/v2\/pages\/6","targetHints":{"allow":["GET"]}}],"collection":[{"href":"https:\/\/jan.hyjek.pl\/index.php?rest_route=\/wp\/v2\/pages"}],"about":[{"href":"https:\/\/jan.hyjek.pl\/index.php?rest_route=\/wp\/v2\/types\/page"}],"author":[{"embeddable":true,"href":"https:\/\/jan.hyjek.pl\/index.php?rest_route=\/wp\/v2\/users\/1"}],"replies":[{"embeddable":true,"href":"https:\/\/jan.hyjek.pl\/index.php?rest_route=%2Fwp%2Fv2%2Fcomments&post=6"}],"version-history":[{"count":46,"href":"https:\/\/jan.hyjek.pl\/index.php?rest_route=\/wp\/v2\/pages\/6\/revisions"}],"predecessor-version":[{"id":1361,"href":"https:\/\/jan.hyjek.pl\/index.php?rest_route=\/wp\/v2\/pages\/6\/revisions\/1361"}],"wp:attachment":[{"href":"https:\/\/jan.hyjek.pl\/index.php?rest_route=%2Fwp%2Fv2%2Fmedia&parent=6"}],"curies":[{"name":"wp","href":"https:\/\/api.w.org\/{rel}","templated":true}]}}