{"id":17,"date":"2012-10-01T14:13:36","date_gmt":"2012-10-01T12:13:36","guid":{"rendered":"http:\/\/new.hyjek.pl\/wordpress\/?page_id=17"},"modified":"2025-12-23T22:32:16","modified_gmt":"2025-12-23T21:32:16","slug":"muzyka","status":"publish","type":"page","link":"https:\/\/jan.hyjek.pl\/?page_id=17","title":{"rendered":"Muzyka"},"content":{"rendered":"<p>&nbsp;<\/p>\n<p><iframe loading=\"lazy\" title=\"Powieczno\u015b\u0107\" width=\"640\" height=\"480\" src=\"https:\/\/www.youtube.com\/embed\/KKac0Y1L_MU?feature=oembed\" frameborder=\"0\" allow=\"accelerometer; autoplay; clipboard-write; encrypted-media; gyroscope; picture-in-picture; web-share\" referrerpolicy=\"strict-origin-when-cross-origin\" allowfullscreen><\/iframe><\/p>\n<p>Polecam now\u0105 p\u0142yt\u0119 SDM Krzysztofa Myszkowskiego: Ulica Nowa. Jest tam tak\u017ce&#8230; moje nazwisko w utworze Krzysztofa!!!<\/p>\n<p>Polecam wideoklip JASK\u00d3\u0141KI CZASU &#8211; Pod Strzech\u0105 Trio &#8211; <a href=\"https:\/\/www.youtube.com\/watch?v=96BN7lBYKpA&amp;list=RDMM96BN7lBYKpA&amp;start_radio=1\">https:\/\/www.youtube.com\/watch?v=96BN7lBYKpA&amp;list=RDMM96BN7lBYKpA&amp;start_radio=1<\/a><\/p>\n<p>&nbsp;<\/p>\n<p>Pod Strzech\u0105 &#8211; nowa piosenka: JASK\u00d3\u0141KI CZASU &#8211; muz. Beata Koptas, tekst Jan Hyjek -https:\/\/www.youtube.com\/watch?v=ZRWfTywjR20<\/p>\n<p><span style=\"color: #800080;\"><strong>Sierpie\u0144 2024 r.<\/strong><\/span> ukaza\u0142y si\u0119 3 p\u0142yty CD &#8211; SDM <strong><span style=\"color: #800080;\">&#8222;STACHURA&#8221;<\/span><\/strong> z moim skromnym udzia\u0142em 2 recytacji, gry na flecie (Komunia <span style=\"color: #800080;\">E. Stachura, muz. Krzysztof Myszkowski<\/span>) oraz moja <strong><span style=\"color: #800080;\"><em>Piosenka frustracyjna<\/em><\/span><\/strong> wykonana i nagrana (co za zaszczyt) przez <span style=\"color: #800080;\">Krzysztofa Myszkowskiego<\/span>.<\/p>\n<p>Autorski udzia\u0142:<\/p>\n<p>&#8211; w dwup\u0142ytowym albumie &#8222;<a href=\"https:\/\/pl.wikipedia.org\/wiki\/Memorabilia\">Memorabilia<\/a>&#8221; (2017 r.)\u00a0<a href=\"https:\/\/pl.wikipedia.org\/wiki\/Stare_Dobre_Ma%C5%82%C5%BCe%C5%84stwo\">Starego Dobrego Ma\u0142\u017ce\u0144stwa<\/a>,<\/p>\n<p>&#8211; w dwup\u0142ytowym albumie &#8222;<a href=\"https:\/\/pl.wikipedia.org\/wiki\/Memorabilia\">Urodzony<\/a> w \u015brod\u0119 (2019 r.)\u00a0<a href=\"https:\/\/pl.wikipedia.org\/wiki\/Stare_Dobre_Ma%C5%82%C5%BCe%C5%84stwo\">Starego Dobrego Ma\u0142\u017ce\u0144stwa<\/a>,<\/p>\n<p>&#8211; w trzyp\u0142ytowym albumie \u201eStachura\u201d (2024 r.) <a href=\"https:\/\/pl.wikipedia.org\/wiki\/Stare_Dobre_Ma%C5%82%C5%BCe%C5%84stwo\">Starego Dobrego Ma\u0142\u017ce\u0144stwa<\/a>,<\/p>\n<p>&#8211; w albumach Good Staff: \u201ePreludium\u201d i \u201eBez kochania trudno\u201d.<\/p>\n<p>&#8211; Trzyp\u0142ytowy album <a href=\"https:\/\/pl.wikipedia.org\/wiki\/Stare_Dobre_Ma%C5%82%C5%BCe%C5%84stwo\">Starego Dobrego Ma\u0142\u017ce\u0144stwa (CD i LP) STACHURA, <\/a>na pierwszej p\u0142ycie dwie recytacje w wykonaniu JH i piosenka JH <em>PIOSENKA FRUSTRACYJNA<\/em> w pi\u0119knym wykonaniu Krzysztofa Myszkowskiego (2024).<\/p>\n<p>***<\/p>\n<p>Nagrania &#8222;wrzucone&#8221; &#8211; na youtube<\/p>\n<p><iframe loading=\"lazy\" title=\"Zosta\u0144my tak - Jan Hyjek\" width=\"640\" height=\"360\" src=\"https:\/\/www.youtube.com\/embed\/wCOYGww-0Zs?feature=oembed\" frameborder=\"0\" allow=\"accelerometer; autoplay; clipboard-write; encrypted-media; gyroscope; picture-in-picture; web-share\" referrerpolicy=\"strict-origin-when-cross-origin\" allowfullscreen><\/iframe><\/p>\n<h3>(foto: Jan Hyjek)<\/h3>\n<h3><a href=\"https:\/\/www.youtube.com\/watch?v=7dGFXP2lzuA\">https:\/\/www.youtube.com\/watch?v=7dGFXP2lzuA\u00a0<\/a> \u00a0 \u00a0 \u00a0 \u00a0<em>ZOSTA\u0143MY TAK<\/em> &#8211; \u015bpiewa: Joanna Skowro\u0144ska<\/h3>\n<p>tekst: Jan Hyjek;\u00a0 muzyka, aran\u017cacja i fortepian: Jacek Skowro\u0144ski<\/p>\n<h3><\/h3>\n<p><iframe loading=\"lazy\" title=\"Oczekiwanie - Jan Hyjek\" width=\"640\" height=\"360\" src=\"https:\/\/www.youtube.com\/embed\/7dGFXP2lzuA?feature=oembed\" frameborder=\"0\" allow=\"accelerometer; autoplay; clipboard-write; encrypted-media; gyroscope; picture-in-picture; web-share\" referrerpolicy=\"strict-origin-when-cross-origin\" allowfullscreen><\/iframe><\/p>\n<h3>Oczekiwanie: muzyka i s\u0142owa Jan Hyjek (foto: Jan Hyjek)<\/h3>\n<p>wokal: Joanna Skowro\u0144ska, fortepian i aran\u017cacja Jacek Skowro\u0144ski<\/p>\n<h3>Najnowsze nagrania z Krzysztofem Myszkowskim SDM 2023\/2024 r., b\u0119dzie p\u0142yta z udzia\u0142em JH.<\/h3>\n<h3><strong>Dosta\u0142em wspania\u0142y podarunek<\/strong>: &#8222;<em>Ballad\u0119 dla Jana Hyjka&#8221;<\/em>!!! &#8211; To niesamowity prezent. Dzi\u0119ki CI Bracie KM\/SDM (p\u0142yta Krzysztofa Myszkowskiego <em>ULICA NOWA)<\/em>.<\/h3>\n<h3>2021 r. Nagrania 8 piosenek Jana Hyjka (3 z muzyk\u0105 kompozytora Jacka Skowro\u0144skiego); \u015bpiew Joanna Skowro\u0144ska, akompaniament fortepianowy, opracowanie, aran\u017cacja &#8211; Jacek Skowro\u0144ski<\/h3>\n<h3>PIE\u015aNI &#8211; link: <a href=\"https:\/\/www.youtube.com\/watch?v=iEKQy9g2JoA\"><strong>https:\/\/www.youtube.com\/watch?v=iEKQy9g2JoA<\/strong><\/a><\/h3>\n<h3>POWIEDZ MI CO\u015a &#8211; link: <a href=\"https:\/\/www.youtube.com\/watch?v=LXDKQFa_BT0\"><strong>https:\/\/www.youtube.com\/watch?v=LXDKQFa_BT0<\/strong><\/a><\/h3>\n<h3>P\u0142yta zespo\u0142u Good Staff &#8211; <strong><em>Bez kochania trudno<\/em><\/strong><\/h3>\n<h3><strong>polecam:<\/strong> <a href=\"https:\/\/www.youtube.com\/watch?v=QL6PtAxrNc8\">https:\/\/www.youtube.com\/watch?v=QL6PtAxrNc8<\/a><\/h3>\n<h3>utw\u00f3r (na tej p\u0142ycie) &#8211; POWIECZNO\u015a\u0106 &#8211; muzyka: Jacek Skowro\u0144ski, s\u0142owa: Jan Hyjek, \u015bpiewa Anna Winiarska.<\/h3>\n<p><span style=\"color: #000080;\">2019 r. &#8211; 3 p\u0142ytowy Album &#8222;Urodzony w \u015brod\u0119&#8221; Krzysztofa Myszkowskiego,<strong><em> Piosenka Frustracyjna <\/em>na p\u0142ycie 2 duet Jan Hyjek&amp;Krzysztof Myszkowski<\/strong> &#8211; nagranie z koncertu na 30 lecie zespo\u0142u SDM w auli UAM w Poznaniu (2013 r.)<\/span><\/p>\n<p><span style=\"color: #000080;\">2019 r. &#8211; winylowa p\u0142yta <strong>HLEV<\/strong> z fotografi\u0105 (autorsta <span style=\"color: #000000;\">JH<\/span>) tego zespo\u0142u oraz intro na p\u0142ycie <em>Wysmuk\u0142y jest \u015bwiecy p\u0142omie\u0144 (autorstwa Jana Hyjka &#8211; na p\u0142ycie &#8211; pastisz)<\/em>.<\/span><\/p>\n<p>P\u0142yta zespo\u0142u GOOD STAFF &#8211; PRELUDIUM (nr 5 na p\u0142ycie- PO DESZCZU CHODZ\u0118 &#8211; muz. Wojtek Winiarski, s\u0142owa Jan Hyjek \u015bpiewa Anna Winiarska).<\/p>\n<p><a href=\"http:\/\/sdm-myszkowski.com\/cpt_news\/pazdzierniku\/\" target=\"_blank\" rel=\"noopener noreferrer\">http:\/\/sdm-myszkowski.com\/cpt_news\/pazdzierniku\/<\/a><\/p>\n<p style=\"font-size: 8pt;\"><strong><a class=\"wpaudio\" href=\"..\/audio\/Krzysztof Myszkowski - Piosenka Frustracyjna.mp3\">gra i \u015bpiewa <strong><span style=\"color: #800000;\">Krzysztof Myszkowski<\/span> SDM<\/strong><span style=\"color: #003366;\"><strong> &#8211; Piosenka frustracyjna &#8211; (s\u0142owa i muzyka Jan Hyjek)<\/strong><\/span><\/a><br \/>\n<strong><a class=\"wpaudio\" href=\"..\/audio\/Piosenka_Frustracyjna_JHiKM.mp3\"> <span style=\"color: #0000ff;\">w duecie: <span style=\"color: #800000;\"><strong> Krzysztof Myszkowski<\/strong> <\/span> i Jan Hyjek &#8211; Piosenka frustracyjna<\/span><\/a>\u00a0(13. 12. 2013 r Aula UAM, koncert SDM)<\/strong><br \/>\n<strong> <a class=\"wpaudio\" href=\"..\/audio\/Jan Hyjek - Piosenka frustracyjna.mp3\">Jan Hyjek &#8211; Piosenka frustracyjna<\/a>\u00a0(poni\u017csze nagrania z roku 1993)<\/strong><br \/>\n<strong> <a class=\"wpaudio\" href=\"..\/audio\/Jan Hyjek - Dedykacja.mp3\">Jan Hyjek\u00a0 i Agnieszka Hyjek &#8211; Dedykacja<\/a><\/strong><br \/>\n<strong> <a class=\"wpaudio\" href=\"..\/audio\/Jan Hyjek - Jestes Ziemia.mp3\">Jan Hyjek &#8211; Jeste\u015b Ziemi\u0105<\/a><\/strong><br \/>\n<strong> <a class=\"wpaudio\" href=\"..\/audio\/Jan Hyjek - Pomyliles.mp3\">Jan Hyjek i Agnieszka Hyjek &#8211; Pomyli\u0142e\u015b<\/a><\/strong><br \/>\n<strong> <a class=\"wpaudio\" href=\"..\/audio\/Jan Hyjek - Niechcianym.mp3\">Jan Hyjek i Agnieszka Hyjek &#8211; Niechcianym<\/a><\/strong><br \/>\n<strong> <a class=\"wpaudio\" href=\"..\/audio\/Jan Hyjek - Coz z tego.mp3\">Jan Hyjek i Agnieszka Hyjek &#8211; C\u00f3\u017c z tego <\/a> <\/strong><br \/>\n<strong> <a class=\"wpaudio\" href=\"..\/audio\/Jan Hyjek - Odmawiasz schronien.mp3\">Jan Hyjek &#8211; Odmawiasz schronie\u0144<\/a>\u00a0<\/strong><br \/>\n<\/strong><\/p>\n<h3><span style=\"color: #993300;\">w 2014 roku Krzysztof Myszkowski &#8211; lider Starego Dobrego Ma\u0142\u017ce\u0144stwa, &#8222;zorganizowa\u0142&#8221; sesj\u0119 nagraniow\u0105 we Wroc\u0142awiu (dzi\u0119ki Mu za to!!!), gdzie Jan Hyjek nagra\u0142 og\u00f3\u0142em 19 piosenek autorskich.<br \/>\n<\/span><\/h3>\n<p><strong> <a class=\"wpaudio\" href=\"..\/audio\/Jan Hyjek - Duzo dam za bebenek.mp3\">Jan Hyjek &#8211; Du\u017co dam za b\u0119benek<\/a><\/strong><br \/>\n<strong> <a class=\"wpaudio\" href=\"..\/audio\/Jan Hyjek - Oto sie zbieram.mp3\">Jan Hyjek &#8211; Oto si\u0119 zbieram<\/a><\/strong><br \/>\n<strong> <a class=\"wpaudio\" href=\"..\/audio\/Jan Hyjek - Noc jest.mp3\">Jan Hyjek &#8211; Noc jest<\/a><\/strong><br \/>\n<strong> <a class=\"wpaudio\" href=\"..\/audio\/Jan Hyjek - Jakos sie wszystko.mp3\">Jan Hyjek &#8211; Jako\u015b si\u0119 wszystko<\/a><\/strong><br \/>\n<strong> <a class=\"wpaudio\" href=\"..\/audio\/Jan Hyjek - Za zycie.mp3\">Jan Hyjek &#8211; Za \u017cycie<\/a><\/strong><br \/>\n<strong> <a class=\"wpaudio\" href=\"..\/audio\/Jan Hyjek - Nienasycenie.mp3\">Jan Hyjek &#8211; Nienasycenie<\/a><\/strong><br \/>\n<strong> <a class=\"wpaudio\" href=\"..\/audio\/Jan Hyjek - Gdzie Ty jestes.mp3\">Jan Hyjek &#8211; Gdzie Ty jeste\u015b<\/a>\u00a0(tekst: Ma\u0142gorzata Hyjek)<\/strong><br \/>\n<strong> <a class=\"wpaudio\" href=\"..\/audio\/Jan Hyjek - Lekarstwa.mp3\">Jan Hyjek &#8211; Lekarstwa<\/a><\/strong><br \/>\n<strong> <a class=\"wpaudio\" href=\"..\/audio\/Jan Hyjek - We dnie jest piesko.mp3\">Jan Hyjek &#8211; We dnie jest piesko<\/a><\/strong><br \/>\n<strong> <a class=\"wpaudio\" href=\"..\/audio\/Jan Hyjek - Pojechac moglbym z Toba.mp3\">Jan Hyjek &#8211; Pojecha\u0107 m\u00f3g\u0142bym z Tob\u0105<\/a><\/strong><\/p>\n<p><strong> <a class=\"wpaudio\" href=\"..\/audio\/Czyta Jan Hyjek Ballada o Wronieckim Osiolku.mp3\">Czyta Jan Hyjek Ballada o Wronieckim Osio\u0142ku<\/a><\/strong><br \/>\nWszystkie piosenki (muzyka i s\u0142owa) autorstwa Jana Hyjka<\/p>\n<h2>Ukaza\u0142 si\u0119 dwup\u0142ytowy album SDM Memorabilia, na kt\u00f3rym znalaz\u0142y si\u0119 jego muzyczne, g\u0142osowe, tekstowe i fletowe \u015blady, obok innych, kt\u00f3rzy w pocz\u0105tkach zespo\u0142u SDM zaznaczyli swoj\u0105 obecno\u015b\u0107.\u00a0<a href=\"http:\/\/sdm-myszkowski.com\/cpt_news\/pazdzierniku\/\" target=\"_blank\" rel=\"noopener noreferrer\">http:\/\/sdm-myszkowski.com\/cpt_news\/pazdzierniku\/<\/a><\/h2>\n<ul>\n<li><a href=\"https:\/\/www.youtube.com\/watch?v=BTpBTpmYabE\">https:\/\/www.youtube.com\/watch?v=BTpBTpmYabE<\/a><\/li>\n<li><a href=\"https:\/\/www.youtube.com\/watch?v=IwiIsfg4iEo\">https:\/\/www.youtube.com\/watch?v=IwiIsfg4iEo<\/a><\/li>\n<li><a href=\"https:\/\/www.youtube.com\/watch?v=7SN1JXNGCVA\">https:\/\/www.youtube.com\/watch?v=7SN1JXNGCVA<\/a><\/li>\n<li><a href=\"https:\/\/www.youtube.com\/watch?v=z2Jhc0Vyv98\">https:\/\/www.youtube.com\/watch?v=z2Jhc0Vyv98<\/a><\/li>\n<\/ul>\n","protected":false},"excerpt":{"rendered":"<p>&nbsp; Polecam now\u0105 p\u0142yt\u0119 SDM Krzysztofa Myszkowskiego: Ulica Nowa. Jest tam tak\u017ce&#8230; moje nazwisko w utworze Krzysztofa!!! Polecam wideoklip JASK\u00d3\u0141KI CZASU &#8211; Pod Strzech\u0105 Trio &#8211; https:\/\/www.youtube.com\/watch?v=96BN7lBYKpA&amp;list=RDMM96BN7lBYKpA&amp;start_radio=1 &nbsp; Pod Strzech\u0105 &#8211; nowa piosenka: JASK\u00d3\u0141KI CZASU &#8211; muz. Beata Koptas, tekst &hellip; <a href=\"https:\/\/jan.hyjek.pl\/?page_id=17\">Czytaj dalej <span class=\"meta-nav\">&rarr;<\/span><\/a><\/p>\n","protected":false},"author":1,"featured_media":0,"parent":0,"menu_order":5,"comment_status":"open","ping_status":"open","template":"onecolumn-page.php","meta":{"footnotes":""},"class_list":["post-17","page","type-page","status-publish","hentry"],"_links":{"self":[{"href":"https:\/\/jan.hyjek.pl\/index.php?rest_route=\/wp\/v2\/pages\/17","targetHints":{"allow":["GET"]}}],"collection":[{"href":"https:\/\/jan.hyjek.pl\/index.php?rest_route=\/wp\/v2\/pages"}],"about":[{"href":"https:\/\/jan.hyjek.pl\/index.php?rest_route=\/wp\/v2\/types\/page"}],"author":[{"embeddable":true,"href":"https:\/\/jan.hyjek.pl\/index.php?rest_route=\/wp\/v2\/users\/1"}],"replies":[{"embeddable":true,"href":"https:\/\/jan.hyjek.pl\/index.php?rest_route=%2Fwp%2Fv2%2Fcomments&post=17"}],"version-history":[{"count":94,"href":"https:\/\/jan.hyjek.pl\/index.php?rest_route=\/wp\/v2\/pages\/17\/revisions"}],"predecessor-version":[{"id":1428,"href":"https:\/\/jan.hyjek.pl\/index.php?rest_route=\/wp\/v2\/pages\/17\/revisions\/1428"}],"wp:attachment":[{"href":"https:\/\/jan.hyjek.pl\/index.php?rest_route=%2Fwp%2Fv2%2Fmedia&parent=17"}],"curies":[{"name":"wp","href":"https:\/\/api.w.org\/{rel}","templated":true}]}}