{"id":12,"date":"2012-10-01T14:00:45","date_gmt":"2012-10-01T12:00:45","guid":{"rendered":"http:\/\/new.hyjek.pl\/wordpress\/?page_id=12"},"modified":"2025-04-22T22:06:02","modified_gmt":"2025-04-22T20:06:02","slug":"kontakt","status":"publish","type":"page","link":"https:\/\/jan.hyjek.pl\/?page_id=12","title":{"rendered":"Kontakt"},"content":{"rendered":"<div style=\"float: left;\">Napisz do mnie:<br \/>\n<img decoding=\"async\" src=\"..\/img\/mail.GIF\" alt=\"e-mail\" \/>Dzi\u0119kuj\u0119 za liczne i bardzo przychylne komentarze na temat tego bloga\/strony jednak ze wzgl\u0119du na setki rosyjskoj\u0119zycznych &#8222;wpis\u00f3w&#8221; &#8211; spamu&#8230; musia\u0142em zablokowa\u0107 mo\u017cliwo\u015b\u0107 komentowania. Nie spodziewa\u0142em si\u0119 tylu dobrych s\u0142\u00f3w! Dzi\u0119kuj\u0119.<\/div>\n<p>&nbsp;<\/p>\n<h3><span style=\"color: #800000;\">W sprawie spotka\u0144 autorskich\/recitali &#8211; tel.<\/span><span style=\"color: #800000;\">\u00a0<strong>605 725 821<\/strong><\/span><\/h3>\n<p><span style=\"text-align: center;\"><img decoding=\"async\" src=\"..\/img\/IMG_0231.jpg\" alt=\"Autor\" \/><\/span><\/p>\n","protected":false},"excerpt":{"rendered":"<p>Napisz do mnie: Dzi\u0119kuj\u0119 za liczne i bardzo przychylne komentarze na temat tego bloga\/strony jednak ze wzgl\u0119du na setki rosyjskoj\u0119zycznych &#8222;wpis\u00f3w&#8221; &#8211; spamu&#8230; musia\u0142em zablokowa\u0107 mo\u017cliwo\u015b\u0107 komentowania. Nie spodziewa\u0142em si\u0119 tylu dobrych s\u0142\u00f3w! Dzi\u0119kuj\u0119. &nbsp; W sprawie spotka\u0144 autorskich\/recitali &#8211; &hellip; <a href=\"https:\/\/jan.hyjek.pl\/?page_id=12\">Czytaj dalej <span class=\"meta-nav\">&rarr;<\/span><\/a><\/p>\n","protected":false},"author":1,"featured_media":0,"parent":0,"menu_order":10,"comment_status":"open","ping_status":"open","template":"","meta":{"footnotes":""},"class_list":["post-12","page","type-page","status-publish","hentry"],"_links":{"self":[{"href":"https:\/\/jan.hyjek.pl\/index.php?rest_route=\/wp\/v2\/pages\/12","targetHints":{"allow":["GET"]}}],"collection":[{"href":"https:\/\/jan.hyjek.pl\/index.php?rest_route=\/wp\/v2\/pages"}],"about":[{"href":"https:\/\/jan.hyjek.pl\/index.php?rest_route=\/wp\/v2\/types\/page"}],"author":[{"embeddable":true,"href":"https:\/\/jan.hyjek.pl\/index.php?rest_route=\/wp\/v2\/users\/1"}],"replies":[{"embeddable":true,"href":"https:\/\/jan.hyjek.pl\/index.php?rest_route=%2Fwp%2Fv2%2Fcomments&post=12"}],"version-history":[{"count":13,"href":"https:\/\/jan.hyjek.pl\/index.php?rest_route=\/wp\/v2\/pages\/12\/revisions"}],"predecessor-version":[{"id":1454,"href":"https:\/\/jan.hyjek.pl\/index.php?rest_route=\/wp\/v2\/pages\/12\/revisions\/1454"}],"wp:attachment":[{"href":"https:\/\/jan.hyjek.pl\/index.php?rest_route=%2Fwp%2Fv2%2Fmedia&parent=12"}],"curies":[{"name":"wp","href":"https:\/\/api.w.org\/{rel}","templated":true}]}}