{"id":119,"date":"2013-02-25T21:58:06","date_gmt":"2013-02-25T20:58:06","guid":{"rendered":"http:\/\/new.hyjek.pl\/wp\/?page_id=119"},"modified":"2025-04-22T22:03:53","modified_gmt":"2025-04-22T20:03:53","slug":"dla-mediow","status":"publish","type":"page","link":"https:\/\/jan.hyjek.pl\/?page_id=119","title":{"rendered":"Dla medi\u00f3w"},"content":{"rendered":"<h1>Bezp\u0142atne dla medi\u00f3w<\/h1>\n<h1><\/h1>\n<h1>Jan Hyjek<\/h1>\n<h2>\u2013rocznik 1957.<br \/>\nTw\u00f3rca opowiada\u0144, aforyzm\u00f3w, tekst\u00f3w poetyckich \u2013 <span style=\"color: #800080;\">Zbudzone zmilczenia<\/span> &#8211; 101 tekst\u00f3w piosenek, autor powie\u015bci &#8211; <span style=\"color: #800080;\">Nie ogl\u0105daj si\u0119 wstecz, Ko\u0142a czasu, Sporna \u015bliwka, Klepsydra ja\u017ani, czyli armia s\u0142abeuszy<\/span>. Kompozytor piosenek i ich wykonawca. W trzech powie\u015bciach opublikowa\u0142 swoje grafiki, jest wsp\u00f3\u0142autorem ok\u0142adek wydawnictw ksi\u0105\u017ckowych.<br \/>\nUko\u0144czy\u0142 Pedagogik\u0119 na Uniwersytecie im. Adama Mickiewicza<br \/>\nw Poznaniu. Dzia\u0142a\u0142 w Komitecie Obywatelskim. Zami\u0142owany biegacz.<br \/>\nUprawia\/\u0142 turystyk\u0119 g\u00f3rsk\u0105, autostopowicz, organizator turystyki. Prowadzi\u0142 liczne, m\u0142odzie\u017cowe zespo\u0142y teatralne.<br \/>\nRe\u017cyserowa\u0142 i wystawia\u0142 swoje utwory sceniczne. Tworzy\u0142<br \/>\ni wsp\u00f3\u0142tworzy\u0142 scenografie telewizyjne i teatralne oraz inne (np. realizacja 4. 03. 2019 roku &#8211; scenografia w Auli UAM podczas uroczystego koncertu Starego Dobrego Ma\u0142\u017ce\u0144stwa &#8211; 30 lecie dzia\u0142alno\u015bci zespo\u0142u, a ostatnio 12. 12. 2023 &#8211; 40. lecie SDM (Anio\u0142y w Auli UAM w Poznaniu).<br \/>\nW latach 1986-1997 nauczyciel muzyki oraz historii. Instruktor ta\u0144ca towarzyskiego. W liceach wyk\u0142ada\u0142 tematyk\u0119 prorodzinn\u0105.<br \/>\nW latach siedemdziesi\u0105tych XX wieku pilot szybowcowy<br \/>\ni samolotowy Aeroklubu Pozna\u0144skiego. Lotniarz. Skaka\u0142 ze spadochronem. Koncertowa\u0142 z Ch\u00f3rem UAM. Koncertowa\u0142<br \/>\nw klubach studenckich. Wykonywa\u0142 zarobkowo roboty wysoko\u015bciowe, bywa\u0142 konferansjerem, sprzedawa\u0142 ubezpieczenia.<br \/>\nZ \u017con\u0105 Teres\u0105 (swoj\u0105 MUZ\u0104) wychowa\u0142 pi\u0119cioro dzieci. 23 lata przepracowa\u0142 w administracji samorz\u0105dowej &#8211; jest na emeryturze. W 2007 roku, po 28 latach przerwy, powr\u00f3ci\u0142 na 7 lat do latania<br \/>\nw Aeroklubie Pozna\u0144skim. Swoje piosenki nagra\u0142 w Studenckim Radio Nurt (1982 r.), w Gie\u0142dzie (1993 r.) i\u00a0 nieoczekiwanie we Wroc\u0142awiu (2014 r.) dzi\u0119ki sympatycznej inicjatywie Krzysztofa Myszkowskiego, lidera SDM. W studio Radia Olsztyn, obok innych wykonawc\u00f3w wzi\u0105\u0142 udzia\u0142 w nagraniach dwup\u0142ytowego albumu SDM <em>Memorabilia<\/em> (2016 r.), kt\u00f3ry zawiera jego piosenk\u0119 oraz fletow\u0105 improwizacj\u0119 w piosence Komunia Edwarda Stachury<br \/>\nz muzyk\u0105 Krzysztofa Myszkowskiego. Jego piosenka jest te\u017c<br \/>\nw Trzyp\u0142ytowym albumie (p\u0142yta II) SDM &#8211; <em>Urodzony w \u015brod\u0119<\/em>. Teksty Jana Hyjka s\u0105 na dw\u00f3ch p\u0142ytach zespo\u0142u GoodStaff<br \/>\n(z muzyk\u0105 Wojtka Winiarskiego i Jacka Skowro\u0144skiego). W 2021 roku nagra\u0144 10 piosenek Jana Hyjka (kilka z muzyk\u0105 znakomitego kompozytora Jacka Skowro\u0144skiego) dokonali: \u015bpiew Joanna Skowro\u0144ska i Jacek Skowro\u0144ski &#8211; akompaniament fortepianowy, opracowanie, aran\u017cacja (dost\u0119pne na Youtube) a w kilku przypadkach kompozytor.<\/h2>\n<h2>W roku 2023 udzia\u0142 Jana Hyjka w nagraniach kolejnej p\u0142yty SDM. Album SDM 3xCD &#8211; &#8222;STACHURA&#8221; z dwiema recytacjami, gr\u0105 na flecie Jana Hyjka i jego <em>PIOSENK\u0104 FRUSTRACYJN\u0104<\/em>.<\/h2>\n<h2>Wsp\u00f3\u0142praca z zespo\u0142em: <em>POD STRZECH\u0104 (autorstwo tekst\u00f3w).<\/em><\/h2>\n<hr \/>\n<h3><span style=\"color: #800000;\"><strong>2024 r. NOWO\u015a\u0106:<\/strong><\/span><\/h3>\n<h3><span style=\"color: #800000;\">3 p\u0142ytowy Album &#8222;STACHURA&#8221; <strong>Krzysztofa Myszkowskiego<\/strong> SDM,<strong><em> Piosenka Frustracyjna &#8211; Jana HYJKA &#8211; <\/em>na p\u0142ycie 1 &#8211; <\/strong>w wykonaniu<strong> Krzysztofa Myszkowskiego oraz dwie recytacje (JH), a tak\u017ce z pierwszym, historycznym Sk\u0142adem SDM &#8211; Arim Sidorowiczem<\/strong> i Liderem<strong> SDM &#8211; Krzysztofem Myszkowskim &#8211; fletowa melodia (JH) w &#8222;Komunii&#8221;<\/strong> Edwarda Stachury z muzyk\u0105 Krzysztofa.<\/span><\/h3>\n<p>2019 r.<\/p>\n<ul>\n<li>\n<h3><span style=\"color: #000000;\">3 p\u0142ytowy Album &#8222;Urodzony w \u015brod\u0119&#8221; Krzysztofa Myszkowskiego,<strong><em> Piosenka Frustracyjna <\/em>na p\u0142ycie 2 duet Jan Hyjek&amp;Krzysztof Myszkowski<\/strong> &#8211; nagranie z koncertu na 30 lecie zespo\u0142u SDM w auli UAM w Poznaniu (2013 r.)<\/span><\/h3>\n<\/li>\n<li>\n<h3><span style=\"color: #000000;\">winylowa p\u0142yta <strong>HLEV<\/strong> z fotografi\u0105 (autorsta JH) tego zespo\u0142u oraz intro na p\u0142ycie <em>Wysmuk\u0142y jest \u015bwiecy p\u0142omie\u0144 (autorstwa Jana Hyjka &#8211; na p\u0142ycie &#8211; pastisz)<\/em>.<\/span><\/h3>\n<\/li>\n<\/ul>\n<hr \/>\n<h3><a href=\"https:\/\/www.youtube.com\/watch?v=BTpBTpmYabE\">https:\/\/www.youtube.com\/watch?v=BTpBTpmYabE<\/a><\/h3>\n<h3><a href=\"https:\/\/www.youtube.com\/watch?v=IwiIsfg4iEo\">https:\/\/www.youtube.com\/watch?v=IwiIsfg4iEo<\/a><\/h3>\n<h3><a href=\"https:\/\/www.youtube.com\/watch?v=7SN1JXNGCVA\">https:\/\/www.youtube.com\/watch?v=7SN1JXNGCVA<\/a><\/h3>\n<h3><a href=\"https:\/\/www.youtube.com\/watch?v=z2Jhc0Vyv98\">https:\/\/www.youtube.com\/watch?v=z2Jhc0Vyv98<\/a><\/h3>\n<hr \/>\n<p><span style=\"color: #000000;\">Ukaza\u0142 si\u0119 (10 pa\u017adziernika 2016 r.) dwup\u0142ytowy album SDM Memorabilia, na kt\u00f3rym znalaz\u0142y si\u0119 muzyczne, g\u0142osowe, tekstowe i fletowe \u015blady Jana Hyjka, obok innych, kt\u00f3rzy w pocz\u0105tkach zespo\u0142u SDM zaznaczyli swoj\u0105 obecno\u015b\u0107:<br \/>\n<\/span><a href=\"http:\/\/sdm-myszkowski.com\/cpt_news\/pazdzierniku\/\" target=\"_blank\" rel=\"noopener noreferrer\">http:\/\/sdm-myszkowski.com\/cpt_news\/pazdzierniku\/<\/a><\/p>\n<h1><strong>Bezp\u0142atne zdj\u0119cia:<\/strong><\/h1>\n<p><a href=\"..\/img\/autor.jpg\" target=\"_blank\" rel=\"noopener noreferrer\"><img decoding=\"async\" class=\"alignnone\" src=\"..\/img\/tumb\/autor.jpg\" alt=\" 1.95MB 2448x3264px \" \/><\/a> \u00a0 \u00a0 <a href=\"..\/img\/autor2.jpg\" target=\"_blank\" rel=\"noopener noreferrer\"><img loading=\"lazy\" decoding=\"async\" class=\"alignnone\" src=\"..\/img\/tumb\/autor2.jpg\" alt=\" 2.8MB 2448x3264px \" width=\"122\" height=\"163\" \/><\/a><\/p>\n","protected":false},"excerpt":{"rendered":"<p>Bezp\u0142atne dla medi\u00f3w Jan Hyjek \u2013rocznik 1957. Tw\u00f3rca opowiada\u0144, aforyzm\u00f3w, tekst\u00f3w poetyckich \u2013 Zbudzone zmilczenia &#8211; 101 tekst\u00f3w piosenek, autor powie\u015bci &#8211; Nie ogl\u0105daj si\u0119 wstecz, Ko\u0142a czasu, Sporna \u015bliwka, Klepsydra ja\u017ani, czyli armia s\u0142abeuszy. Kompozytor piosenek i ich wykonawca. &hellip; <a href=\"https:\/\/jan.hyjek.pl\/?page_id=119\">Czytaj dalej <span class=\"meta-nav\">&rarr;<\/span><\/a><\/p>\n","protected":false},"author":1,"featured_media":0,"parent":0,"menu_order":8,"comment_status":"closed","ping_status":"closed","template":"onecolumn-page.php","meta":{"footnotes":""},"class_list":["post-119","page","type-page","status-publish","hentry"],"_links":{"self":[{"href":"https:\/\/jan.hyjek.pl\/index.php?rest_route=\/wp\/v2\/pages\/119","targetHints":{"allow":["GET"]}}],"collection":[{"href":"https:\/\/jan.hyjek.pl\/index.php?rest_route=\/wp\/v2\/pages"}],"about":[{"href":"https:\/\/jan.hyjek.pl\/index.php?rest_route=\/wp\/v2\/types\/page"}],"author":[{"embeddable":true,"href":"https:\/\/jan.hyjek.pl\/index.php?rest_route=\/wp\/v2\/users\/1"}],"replies":[{"embeddable":true,"href":"https:\/\/jan.hyjek.pl\/index.php?rest_route=%2Fwp%2Fv2%2Fcomments&post=119"}],"version-history":[{"count":71,"href":"https:\/\/jan.hyjek.pl\/index.php?rest_route=\/wp\/v2\/pages\/119\/revisions"}],"predecessor-version":[{"id":1366,"href":"https:\/\/jan.hyjek.pl\/index.php?rest_route=\/wp\/v2\/pages\/119\/revisions\/1366"}],"wp:attachment":[{"href":"https:\/\/jan.hyjek.pl\/index.php?rest_route=%2Fwp%2Fv2%2Fmedia&parent=119"}],"curies":[{"name":"wp","href":"https:\/\/api.w.org\/{rel}","templated":true}]}}