{"id":1014,"date":"2022-04-14T11:15:41","date_gmt":"2022-04-14T09:15:41","guid":{"rendered":"https:\/\/jan.hyjek.pl\/?page_id=1014"},"modified":"2026-04-29T11:37:49","modified_gmt":"2026-04-29T09:37:49","slug":"dzisiaj-wczoraj-zawsze-nigdy","status":"publish","type":"page","link":"https:\/\/jan.hyjek.pl\/?page_id=1014","title":{"rendered":"Dzisiaj Wczoraj Zawsze Nigdy"},"content":{"rendered":"<p>Na wolne dni majowe polecam gor\u0105co SPORN\u0104 \u015aLIWK\u0118 &#8211; powie\u015b\u0107 przygodow\u0105 z w\u0105tkiem detektywistycznym (Oficyny Wydawniczej G&amp;P)! Nie szkodzi, \u017ce czas p\u0119dzi i wiele rzeczy ulega przemianom, jednak warto oderwa\u0107 si\u0119 od tego, co rutynowe i wej\u015b\u0107 w inny \u015bwiat i w rozkminianie zagadek.<\/p>\n<p>Zima. \u015anieg. Mr\u00f3z. Nieodgadniona przysz\u0142o\u015b\u0107&#8230;<\/p>\n<p>Czy tak\u017ce macie wra\u017cenie, \u017ce to wszystko, co dzieje si\u0119 na \u015bwiecie, ale tak\u017ce w Europie&#8230; zmierza w jakim\u015b ma\u0142o ciekawym kierunku autodestrukcji kulturowej i zaprzeczeniu kiedy\u015b istotnych, a sprawdzonych warto\u015bci?<\/p>\n<p>Kto jest przewodnikiem Ludzi w obecnych czasach? Polecam sonet 66 Szekspira!!!<\/p>\n<p>Alleluja!!!<\/p>\n<p>Rozdmuchuje &#8222;si\u0119&#8221; jak w tl\u0105cym si\u0119 dopiero ognisku &#8211; nienawi\u015b\u0107, kt\u00f3ra nikomu normalnemu nie s\u0142u\u017cy, szkoda.<\/p>\n<p>&#8222;Narodzi\u0142 si\u0119 Jezus Chrystus, b\u0105d\u017amy weseli&#8230;&#8221;<\/p>\n<p>\u017bywio\u0142, kt\u00f3ry gdy ruszy nie daje si\u0119 powstrzyma\u0107&#8230; pow\u00f3d\u017a. Tym, kt\u00f3rzy walcz\u0105 z \u017cywio\u0142em, trzeba \u017cyczy\u0107 si\u0142y i odporno\u015bci. My, kt\u00f3rzy w innych stronach powstrzymajmy si\u0119 od dur&#8230;. mem\u00f3w oraz ich ogl\u0105dania, jedyne, co mo\u017cemy pr\u00f3cz wsparcia duchowego, to uruchomi\u0107 jakiekolwiek zasoby i wspom\u00f3c.<\/p>\n<p>Niestety s\u0105 publikowane bardzo zak\u0142amane, wyrwane z kontekstu wypowiedzi, a\u017c sk\u00f3ra cierpnie, \u017ce si\u0119 kto\u015b do takiej nikczemno\u015bci posuwa oszukuj\u0105c odbiorc\u00f3w, a w z\u0142ym \u015bwietle ukazuj\u0105 tych, kt\u00f3rych nie lubi. Brak honoru. Brak sumienia. Kim jest ojciec k\u0142amstwa?!!!<\/p>\n<p>Bardzo mnie poruszy\u0142o odej\u015bcie, \u015bmier\u0107\u00a0 Idola mojej m\u0142odo\u015bci <strong>Tadeusza Wo\u017aniaka<\/strong>, jak\u017ce wiele zawdzi\u0119czam Jemu i Jego Poetom, kt\u00f3rych teksty \u015bpiewa\u0142. Pocz\u0105tkowo zez\u0142o\u015bci\u0142 mnie Jego g\u0142os, \u017ce niby beczy jak koza&#8230; To by\u0142 pierwszy moment na kursie szybowcowym w roku 1973, lecz zaraz Go pokocha\u0142em. W\u0142a\u015bnie tembr Jego g\u0142osu, Jego gitar\u0119 i kompozycje, a nade wszystko w\u0142a\u015bnie warto\u015bciowe teksty, zatem CA\u0141O\u015a\u0106. Troch\u0119 obcesowo\u00a0 potraktowa\u0142 w swojej autobiografii mojego ulubionego poet\u0119 Bogdana Chor\u0105\u017cuka&#8230;; Bogdan Loebl, Jerzy Juliusz Emir, Leszek Aleksander Moczulski, Edward Stachura &#8211; ich tekstami \u017cy\u0142em, one mnie upewnia\u0142y w tym, co istotne. To Jego piosenk\u0105 &#8222;A bodaj to&#8221; debiutowa\u0142em w auli mojego Liceum Og\u00f3lnokszta\u0142c\u0105cego jako gitarzysta i wokalista&#8230;<\/p>\n<p>Jak\u017ce roztkliwia\u0142y mnie frazy z tekstu &#8222;Ile zapragn\u0105&#8221; Bogdana Loebla: <em>&#8222;&#8230;Urwisom ga\u0142\u0105\u017a\/ w ogrodzie cudzym\/ z jab\u0142kami nagi\u0105\u0107\/ z jab\u0142kami nagi\u0105\u0107&#8230;&#8221;<\/em><\/p>\n<p>Kiedy\u015b podarowa\u0142em Tadeuszowi Wo\u017aniakowi r\u00f3\u017c\u0119 m\u00f3wi\u0105c tekst: &#8222;Gdy odbiera\u0142em r\u00f3\u017cy \u015bwiat\/ ogr\u00f3d si\u0119 nawet nie poruszy\u0142&#8230;&#8221;, a On zadedykowa\u0142 mi na koncercie inn\u0105 pie\u015b\u0144: &#8222;I nim si\u0119 ockniesz\/ dziewcz\u0119ta ci\u0119 min\u0105\/ i ka\u017cda, ka\u017cda rzecz ci powie\/ tw\u00f3j czas ju\u017c up\u0142yn\u0105\u0142.&#8221;<\/p>\n<p>No i te&#8230; &#8222;W\u0142\u00f3czykije&#8221; z Lata Mumink\u00f3w!<\/p>\n<p>Dzi\u0119ki Ci Panie Tadeuszu, niech Jezus zbawi Twoj\u0105 dusz\u0119. Amen.<\/p>\n<h4>***<\/h4>\n<h4>Czes\u0142aw Niemen \u015bpiewa\u0142:<\/h4>\n<h4>&#8222;<em>&#8230;nadszed\u0142 ju\u017c czas,<\/em><\/h4>\n<h4><em>najwy\u017cszy czas,<\/em><\/h4>\n<h4><em>nienawi\u015b\u0107 zniszczy\u0107 w sobie&#8230;<\/em>&#8221;\u00a0 \u00a0 \u00a0 \u00a0 \u00a0&#8211; jak wida\u0107, czyni si\u0119 wprost przeciwne dzia\u0142ania!<\/h4>\n<h5>Czas najwy\u017cszy: opu\u015bci\u0107 ba\u0144ki stworzone przez media i wr\u00f3ci\u0107 do normy uczciwo\u015bci i samodzielno\u015bci my\u015blenia, gdy\u017c w przeciwnym razie pog\u0142\u0119bi si\u0119 r\u00f3wnia pochy\u0142a samozag\u0142ady duchowo-mentalnej nas, LUDZI.<\/h5>\n<h5>8. 11. 2023 r.<\/h5>\n<p>&#8222;Ci\u0105g\u0142y niepok\u00f3j na \u015bwiecie<\/p>\n<p>wojny i wojny bez ko\u0144ca,<\/p>\n<p>jak\u017ce niepewna jest ziemia&#8230;&#8221;<\/p>\n<h5><\/h5>\n<h5>21. 09. 2023 r.<\/h5>\n<p>Dzisiaj niesamowity, wa\u017cny telefon. Rafa\u0142 (cz\u0142owiek nietuzinkowy) zadzwoni\u0142 z trasy i powiedzia\u0142 (po prostu, bez owijania w bawe\u0142n\u0119) co my\u015bli o&#8230; moich piosenkach, kt\u00f3rych s\u0142ucha w drodze. \u017be go dobrze nastrajaj\u0105 itd. Rafale Niesamowity, dzi\u0119ki za dobre s\u0142owo. Tak, piosenka jest w\u0142a\u015bnie po to, by dociera\u0107 do serca i umys\u0142u. Po prostu.<\/p>\n<h5>Ludziom (dzieci i m\u0142odzie\u017c to stan chwilowy), kt\u00f3rzy id\u0105\/chodz\u0105 do szko\u0142y, s\u0105 w niej, zatem s\u0105 w trakcie powa\u017cnej rozgrywki z samymi z sob\u0105 &#8211; jak\u0105 jest \u0142adowanie w siebie wiedzy i nabywanie do\u015bwiadczenia, \u017cycz\u0119 otwarto\u015bci i m\u0105dro\u015bci oraz cierpliwo\u015bci wobec&#8230; niewiadomych \u017cycia. Warto znajdowa\u0107 dobrych, prawdziwych, rozwa\u017cnych przewodnik\u00f3w na drogach \u017cycia, bo pe\u0142no jest cwaniak\u00f3w, kt\u00f3rzy gotowi s\u0105 ka\u017cdego wykorzysta\u0107 dla swoich cel\u00f3w. Tym, kt\u00f3rzy poszukuj\u0105 prawdy: powodzenia!!!<\/h5>\n<h5>&#8222;&#8230;trzeba \u017cy\u0107&#8230;&#8221; &#8211; rzek\u0142 Jan Rybowicz, a \u015bpiewa Krzysztof Myszkowski &#8211; Stare Dobre Ma\u0142\u017ce\u0144stwo, i cho\u0107 czasem trudno, TRZEBA \u017bY\u0106!!!<\/h5>\n<h5>Jan Pawe\u0142 II uwiera\u0142 i uwiera maluczkich &#8211; w swoim mniemaniu wspania\u0142ych i wielkich &#8211; swoj\u0105 \u015bwi\u0119to\u015bci\u0105, erudycj\u0105, wykszta\u0142ceniem, poziomem, kultur\u0105, obyciem, czyli wielko\u015bci\u0105 GIGANTA, jakich w \u015bwicie ma\u0142o. Nigdy nie osi\u0105gn\u0105 tego poziomu. Zatem wznawiaj\u0105 poprzez swoje kompleksy i lewackie mrzonki &#8211; niszczenie Ko\u015bcio\u0142a znane nam nie tylko z PRL. Ta \u017ca\u0142osna recydywa, to skrajne zaprzedanie i ostateczny upadek ich samych.<\/h5>\n<h5>Teraz \u015bwiat polityki i wszelkich uk\u0142ad\u00f3w zastanawia si\u0119 jak sobie poradzi\u0107 z wyczynami jednego cz\u0142owieka&#8230; Jest nas,<strong> ludzi 8 miliard\u00f3w<\/strong>, a on jeden!<\/h5>\n<p>Ile nieszcz\u0119\u015b\u0107 sprowadzi\u0142 jeden cz\u0142owiek na \u015bwiat? Ile jeszcze?<\/p>\n<p>Dzi\u0119kuj\u0119 za liczne i bardzo przychylne komentarze na temat tego bloga\/strony jednak ze wzgl\u0119du na setki rosyjskoj\u0119zycznych &#8222;wpis\u00f3w&#8221; &#8211; spamu&#8230; musia\u0142em zablokowa\u0107 mo\u017cliwo\u015b\u0107 komentowania. Nie spodziewa\u0142em si\u0119 tylu dobrych s\u0142\u00f3w! Dzi\u0119kuj\u0119.<\/p>\n<p><span style=\"color: #800080;\">Czy najbardziej &#8222;nieprawdopodobne&#8221; &#8211; czyli wykorzystanie broni atomowej w wojnie Rosji\u00a0 ze \u015bwiatem stanie si\u0119 faktem???<\/span><\/p>\n<p>Wojna trwa. Europa przyj\u0119\u0142a to do wiadomo\u015bci. Za chwil\u0119 zapewne w\u0142\u0105cz\u0105 Nord Stream II i zachodni s\u0105siedzi odetchn\u0105 z ulg\u0105 (nieoczekiwany rozw\u00f3j wypadk\u00f3w, uszkodzenie ruroci\u0105g\u00f3w&#8230;, zatem wpis straci\u0142 potencjaln\u0105 aktualno\u015b\u0107). Polityka to nie jest etyka&#8230; I nas niejednokrotnie rzucano na po\u017carcie. Chyba, \u017ce zdarzy si\u0119&#8230;<\/p>\n<p>***<\/p>\n<p>I co si\u0119 zmieni\u0142o??? Znowu powt\u00f3rka, pisanie historii nowej wojny, a najwi\u0119ksi bandyci (sprawcy) jak H, robi\u0105 karier\u0119 i &#8222;\u017cyj\u0105&#8221; w ksi\u0105\u017ckach&#8230;<\/p>\n<p>M\u00f3j dziadek Jan Hyjek nr obozowy 151419 (nie prze\u017cy\u0142 ostatniego obozu), jego syn Eugeniusz Hyjek nr obozowy 171178 prze\u017cy\u0142. Za co rzekomo na rok trafili do obozu? (bardzo znanego) za pomoc panu Krokowi, powsta\u0144cowi \u015bl\u0105skiemu. Oczywi\u015bcie rok okaza\u0142 si\u0119 czym\u015b niewymiernym. Po wojnie <strong>nikt<\/strong> nie m\u00f3wi\u0142 o sprawcach inaczej, jak podaj\u0105c narodowo\u015b\u0107!!!<\/p>\n<p>Umiera obok nas dziecko, kobieta, m\u0119\u017cczyzna zadaj\u0105c b\u00f3l bliskim i tym, kt\u00f3rzy czuj\u0105. Ukraina wykrwawiana jest na naszych oczach przez jednego (nie napisz\u0119 &#8211; cz\u0142owieka&#8230;). Jak zawsze jeste\u015bmy wobec ogromu nieszcz\u0119\u015b\u0107, bezradni. \u015awiat tylko czeka aby znowu zrobi\u0107 dobry interes&#8230;, cho\u0107 te\u017c udziela pomocy.<\/p>\n<p>&#8222;&#8230;wojna, wojna, wojna, \u015bmier\u0107&#8230;&#8221; (Hlev)<\/p>\n<p>miny&#8230; przeciwpiechotne, czo\u0142gi, bomby, rakiety, samoloty, drony, gwa\u0142ty, terror, wyw\u00f3zki, ludob\u00f3jstwo, historia niczego nie uczy<\/p>\n<p>Zmar\u0142a poetka <strong><span style=\"color: #0000ff;\">Jola Szwarc&#8230;<\/span><\/strong><\/p>\n<p>rok temu odszed\u0142 LATARNIK &#8211; Redaktor Latarni Morskiej &#8211; <strong><span style=\"color: #3366ff;\">Lech M. Jak\u00f3b&#8230;<\/span><\/strong><\/p>\n<p>\u015bp. pilot dr <span style=\"color: #0000ff;\"><strong>Irek Materniak<\/strong>&#8230;<\/span><\/p>\n","protected":false},"excerpt":{"rendered":"<p>Na wolne dni majowe polecam gor\u0105co SPORN\u0104 \u015aLIWK\u0118 &#8211; powie\u015b\u0107 przygodow\u0105 z w\u0105tkiem detektywistycznym (Oficyny Wydawniczej G&amp;P)! Nie szkodzi, \u017ce czas p\u0119dzi i wiele rzeczy ulega przemianom, jednak warto oderwa\u0107 si\u0119 od tego, co rutynowe i wej\u015b\u0107 w inny \u015bwiat &hellip; <a href=\"https:\/\/jan.hyjek.pl\/?page_id=1014\">Czytaj dalej <span class=\"meta-nav\">&rarr;<\/span><\/a><\/p>\n","protected":false},"author":1,"featured_media":0,"parent":0,"menu_order":0,"comment_status":"closed","ping_status":"closed","template":"","meta":{"footnotes":""},"class_list":["post-1014","page","type-page","status-publish","hentry"],"_links":{"self":[{"href":"https:\/\/jan.hyjek.pl\/index.php?rest_route=\/wp\/v2\/pages\/1014","targetHints":{"allow":["GET"]}}],"collection":[{"href":"https:\/\/jan.hyjek.pl\/index.php?rest_route=\/wp\/v2\/pages"}],"about":[{"href":"https:\/\/jan.hyjek.pl\/index.php?rest_route=\/wp\/v2\/types\/page"}],"author":[{"embeddable":true,"href":"https:\/\/jan.hyjek.pl\/index.php?rest_route=\/wp\/v2\/users\/1"}],"replies":[{"embeddable":true,"href":"https:\/\/jan.hyjek.pl\/index.php?rest_route=%2Fwp%2Fv2%2Fcomments&post=1014"}],"version-history":[{"count":42,"href":"https:\/\/jan.hyjek.pl\/index.php?rest_route=\/wp\/v2\/pages\/1014\/revisions"}],"predecessor-version":[{"id":1461,"href":"https:\/\/jan.hyjek.pl\/index.php?rest_route=\/wp\/v2\/pages\/1014\/revisions\/1461"}],"wp:attachment":[{"href":"https:\/\/jan.hyjek.pl\/index.php?rest_route=%2Fwp%2Fv2%2Fmedia&parent=1014"}],"curies":[{"name":"wp","href":"https:\/\/api.w.org\/{rel}","templated":true}]}}