{"id":10,"date":"2012-10-01T13:55:38","date_gmt":"2012-10-01T11:55:38","guid":{"rendered":"http:\/\/new.hyjek.pl\/wordpress\/?page_id=10"},"modified":"2025-04-22T21:54:46","modified_gmt":"2025-04-22T19:54:46","slug":"spotkania-autorskie","status":"publish","type":"page","link":"https:\/\/jan.hyjek.pl\/?page_id=10","title":{"rendered":"Spotkania autorskie"},"content":{"rendered":"<p>&nbsp;<\/p>\n<h2><span style=\"color: #800000;\">Poni\u017cej spis wszystkich odbytych spotka\u0144 autorskich.<\/span><\/h2>\n<h2><span style=\"color: #800000;\">W sprawie spotka\u0144 autorskich\/recitali &#8211; tel.<\/span><span style=\"color: #800000;\">\u00a0<strong>605 725 821<\/strong><\/span><\/h2>\n<p>W roku 2023:<\/p>\n<ul>\n<li><strong>Nak\u0142o n. Noteci\u0105 &#8211; 30 listopada 2023 r. ok. 85 os\u00f3b kl. 7 i 8<\/strong><\/li>\n<li><strong>Budzy\u0144 27. 10. 2023 r. &#8211; 2 spotkania ok. 40 os\u00f3b, kl. 5, oraz 60 os\u00f3b kl. 6<\/strong><\/li>\n<\/ul>\n<p>19. 11. 2022 r. w go\u015bcinnym domu <strong><span style=\"color: #800000;\">Agnieszki i Ma\u0107ka Jakubowskich<\/span><\/strong> odby\u0142 si\u0119 m\u00f3j recital. Za\u015bpiewa\u0142em 19 moich piosenek z akompaniamentem gitary i pianina. Dzi\u0119kuj\u0119 Gospodarzom tej imprezy\/ spotkania za mi\u0142e przyj\u0119cie oraz Tym, kt\u00f3rzy pomimo porz\u0105dnych opad\u00f3w \u015bniegu dojechali, cho\u0107 wszystko wskazywa\u0142o na to, by pozosta\u0107<br \/>\nw domu! Urodzinowe wino by\u0142o doprawdy czym\u015b przemi\u0142ym!!! To by\u0142 dzie\u0144 moich 65 urodzin &#8211; dzi\u0119ki Ci MAMO!!!<\/p>\n<p><strong><span style=\"color: #000080;\">Covid w Polsce, a nast\u0119pnie powa\u017cne chorowanie chwilowo zawiesi\u0142y spotkania autorskie, ale&#8230; doprowadzony do stanu u\u017cywalno\u015bci od roku 2022 czekam na propozycje!<\/span><\/strong><\/p>\n<p>I. <strong>Spotkania autorskie<\/strong> (uczniowie 4-5; 5-8 kl, Licea, doro\u015bli)<\/p>\n<p>II. <strong>Recitale<\/strong> &#8211; autorskie piosenki POETYCKIE z komentarzem (wplecione piosenki kabaretowe), gitara lub\/i fortepian &#8211; program dla doros\u0142ych, (&#8222;zaduszki&#8221; poetyckie, programy: dla kobiet, dla grup zainteresowa\u0144, Senior\u00f3w.)<\/p>\n<p>Zapraszam na mojego na fanpage na Facebooku<a href=\"https:\/\/www.facebook.com\/hyjekjan\/\"> <strong>https:\/\/www.facebook.com\/hyjekjan\/<\/strong><\/a><\/p>\n<h2><span style=\"color: #003366;\"><strong>Spotkania autorskie\/recitale 2020 r.<\/strong><\/span><\/h2>\n<h2><span style=\"color: #003366;\">W\u0105growiec &#8211; pa\u017adziernik 2020 Noc Bibliotek<\/span><\/h2>\n<p><strong><span style=\"color: #000080;\">mailowa REKOMENDACJA z Biblioteki po spotkaniu autorskim<\/span><\/strong>:<\/p>\n<p>&#8222;Witam,<\/p>\n<p>nie by\u0142o wczoraj czasu na komentarze a i moja zdystansowana natura potrzebuje czasu, ale chcia\u0142am Panu bardzo serdecznie podziekowa\u0107 jeszcze raz za to spotkanie. Przede wszystkim za to, \u017ce nie obiecuje Pan rzeczy, kt\u00f3rych Pan nie robi. Za maksimum tre\u015bci<br \/>\nw idealnej dla gimnazjalist\u00f3w, i dzieciak\u00f3w w og\u00f3le, formie. Za pe\u0142ne zaanga\u017cowanie, pot, krew itd. tak\u017ce za to, \u017ce nie narzuca Pan \u015bwiatopogl\u0105d\u00f3w. Uwa\u017cam, \u017ce powinien Pan mie\u0107 obowi\u0105zkowe zaj\u0119cia w ka\u017cdym gimnazjum. A co jeszcze lepsze &#8211; ka\u017cdy z takiego spotkania mo\u017ce zabra\u0107 co\u015b dla siebie, nawet je\u015bli dawno przesta\u0142 by\u0107 gimnazjalist\u0105.<\/p>\n<p>Pozdrawiam Anna&#8221;<\/p>\n<p><strong>Spotkania autorskie w 2019 roku:<\/strong><\/p>\n<ul>\n<li>10. 05. 2019 r. Biblioteka w Pyzdrach, 18:00<\/li>\n<li>04. 10. 2019 r. Szubin godz. 19:00<\/li>\n<li>05. 12. 2019 r. Nak\u0142o n. Noteci\u0105<\/li>\n<\/ul>\n<p><strong>Spotkania autorskie w 2018 roku:<\/strong><\/p>\n<ul>\n<li>marzec 2018 r.\u00a0 &#8211; Biblioteka w \u015aremie,<\/li>\n<li>marzec 2018 r. &#8211; Biblioteka w Mycielinie,<\/li>\n<li>10 maja Biblioteka w <span style=\"color: #000000;\"><b>Pyzdrach 3 kl III gimn.<\/b><\/span><\/li>\n<\/ul>\n<p><strong>Spotkania autorskie w 2017 roku:<\/strong><\/p>\n<ul>\n<li>biblioteka w KROTOSZYNIE 2017 (15 minut \u00a0z maluchami oraz spotkanie &#8211; \u00a0ok 100 gimnazjalist\u00f3w)<\/li>\n<li>biblioteka w KWILCZU 2017 (5 i 6 kl ok 75)<\/li>\n<li>biblioteka w\u00a0LUBOSZU 2017 ( 4, 5, 6 kl ok 75)<\/li>\n<li>biblioteka w GRANOWIE 2017 (100 gimnazjalist\u00f3w)<\/li>\n<li>biblioteka w KISZKOWIE 2017 (ok 100 gimnazjalist\u00f3w)<\/li>\n<li>2016\/7 biblioteka w WOLSZTYNIE,<\/li>\n<li>biblioteka w SIEDLCU 2017 (120 os\u00f3b &#8211; gimnazjali\u015bci),<\/li>\n<\/ul>\n<p>***<\/p>\n<ul>\n<li>w grudniu 2016 r. Biblioteka w GAWORZYCACH (woj. dolno\u015bl\u0105skie) <span style=\"text-decoration: underline;\">bardzo dzi\u0119kuj\u0119 za pi\u0119kne prezenty: \u015bwietny obrazek (Gabriela Kowalczyka z kl III) \u00a0oraz \u00a0ciekawie wykonane bombki, jestem bardzo wdzi\u0119czny i zaskoczony, przykro mi, \u017ce nie obejrza\u0142em daru na miejscu!!!<\/span><\/li>\n<li>w pa\u017adzierniku 2016 r. Biblioteka w\u00a0WIELENIU\u00a0 (Trzcianka) 3 kl 3 gimnazjalne<\/li>\n<li>w pa\u017adzierniku 2016 r. Biblioteka w\u00a0CZARNKOWIE (Trzcianka) kl 6<\/li>\n<li>w pa\u017adzierniku 2016 r. Biblioteka w KISZKOWIE (3&#215;3 kl gimnazjum)<\/li>\n<li>w pa\u017adzierniku Biblioteka w KOSTRZYNIE WIELKOPOLSKIM (kl 6),<\/li>\n<li>w czerwcu 2016 Biblioteka w\u00a0NOWYM TOMY\u015aLU (dzieci)<\/li>\n<li>w czerwcu 2016 Biblioteka w\u00a0NOWYM TOMY\u015aLU (Noc bibliotek; <strong>koncert piosenki autorskiej<\/strong>)<\/li>\n<li>wyst\u0119p publiczny &#8211; Ballada o wronieckim osio\u0142ku (ods\u0142oni\u0119cie pomnika, WRONKI &#8211; Rynek)<\/li>\n<li>w maju 2016 <strong>minirecital<\/strong> (35&#8242;) we WRONKACH (sala kinowa)<\/li>\n<li>w maju 2016 Biblioteka w MIKSTACIE z\u00a0Gimnazjalistami (w szkole)<\/li>\n<li>w maju 2016 Biblioteka w OSTRZESZOWIE z\u00a0Gimnazjalistami<\/li>\n<li>w maju 2016 Biblioteka w NIECHANOWIE z kl. 5 i 6<\/li>\n<li>w maju 2016 Biblioteka w WITKOWIE z kl. 6<\/li>\n<\/ul>\n<p>8. 05. 2016 wykonanie autorskiej Ballady o wronieckim osio\u0142ku &#8211; na rynku we Wronkach podczas ods\u0142oni\u0119cia rze\u017aby tego osio\u0142ka, kt\u00f3ry &#8222;wy\u015bmia\u0142&#8221; rycz\u0105c zawzi\u0119cie 20. 04. 1941 r. Niemc\u00f3w fetuj\u0105cych urodziny Hitlera, ku ich w\u015bciek\u0142o\u015bci, a ku niezmiernej rado\u015bci Polak\u00f3w. <a href=\"https:\/\/www.youtube.com\/watch?v=uwGS8Qe7rT0\">https:\/\/www.youtube.com\/watch?v=uwGS8Qe7rT0<\/a><\/p>\n<p><span style=\"color: #808000; font-size: 1.8em;\">W roku 2015 oko\u0142o <strong><span style=\"color: #000000;\">1400<\/span><\/strong> os\u00f3b (g\u0142\u00f3wnie uczniowie gimnazj\u00f3w) by\u0142o uczestnikami 19 spotka\u0144 autorskich z Janem Hyjkiem.<\/span><\/p>\n<h2>po spotkaniach:<\/h2>\n<ul>\n<li>w grudniu 2015 r. Biblioteka w KO\u0179MINIE<\/li>\n<li>w grudniu 2015 r. Biblioteka w SULMIERZYCACH<\/li>\n<li>w grudniu 2015 r. Biblioteka w GOSTYNIU<\/li>\n<li>w grudniu 2015 r. Biblioteka w PONIECU<\/li>\n<li>w grudniu 2015 r. Biblioteka w LW\u00d3WKU<\/li>\n<li>w grudniu 2015 r. Biblioteka w MICHORZEWIE<\/li>\n<\/ul>\n<ul>\n<li>w listopadzie 2015 r. Biblioteka w OKONKU (2 spotkania w sali widowiskowej DK ) z\u00a0Gimnazjalistami<\/li>\n<li>w pa\u017adzierniku 2015 r.\u00a0 Biblioteka w OBORNIKACH\u00a0 z\u00a0Gimnazjalistami<\/li>\n<li>w czerwcu 2015 r.\u00a0 Biblioteka w LUBASZU\u00a0\u00a0<strong>&#8211; <\/strong>z\u00a0Gimnazjalistami<\/li>\n<li>w maju 2015 r.\u00a0 Biblioteka w LW\u00d3WKU <strong>&#8211;<\/strong><span style=\"color: #808080;\"> z\u00a0Gimnazjalistami<\/span><\/li>\n<li>w maju 2015 r.\u00a0 Biblioteka w W\u0104SOWIE &#8211; pod egid\u0105 Biblioteki w Ku\u015blinie <strong>&#8211; <\/strong>z\u00a0Gimnazjalistami<\/li>\n<li>w maju 2015 r.\u00a0 Biblioteka\u00a0 w BUDZYNIU- z\u00a0Gimnazjalistami (sala widowiskowa ok. 140 os\u00f3b)<\/li>\n<li>w maju 2015 r.\u00a0 Biblioteka w \u017bERKOWIE &#8211; z\u00a0Gimnazjalistami<\/li>\n<li>w kwietniu 2015 r. &#8211; Szko\u0142a Podstawowa nr 5 Ostr\u00f3w Wielk.<\/li>\n<li>w kwietniu 2015 r. &#8211; Biblioteka w \u0141UBOWIE &#8211; z\u00a0Gimnazjalistami<\/li>\n<li>w kwietniu 2015 r. &#8211; Biblioteka w NIECHANOWIE &#8211; z\u00a0Gimnazjalistami<\/li>\n<li>w kwietniu 2015 r. &#8211; Biblioteka w\u00a0WYSOKIEJ &#8211; z\u00a0Gimnazjalistami<\/li>\n<li>w kwietniu 2015 r. &#8211; Biblioteka &#8211;\u00a0KACZORACH &#8211; z\u00a0Gimnazjalistami<\/li>\n<\/ul>\n<p><span style=\"text-decoration: underline;\"><span style=\"color: #800000; text-decoration: underline;\">PONI\u017bEJ: WYKAZ SPOTKA\u0143 AUTORSKICH 2007-2014:<\/span><\/span><br \/>\nrecenzja ze spotkania autorskiego: <a title=\"gimlubasz recenzja spotkania autorskiego\" href=\"http:\/\/gimlubasz.vel.pl\/archives\/2011-2012\/spotkanie%20z%20Hyjkiem%20-9.05.2012.htm\" target=\"_blank\" rel=\"noopener noreferrer\">gimlubasz recenzja spotkania autorskiego<\/a><br \/>\nWydarzenie na Facebooku:<a href=\"https:\/\/www.facebook.com\/events\/438160032973394\/?ref_dashboard_filter=calendar\" target=\"_blank\" rel=\"noopener noreferrer\"> https:\/\/www.facebook.com\/events\/438160032973394\/?ref_dashboard_filter=calendar<\/a><\/p>\n<p>Jubileuszowy koncert Starego Dobrego Ma\u0142\u017ce\u0144stwa &#8211; 13 grudnia 2013 roku przeszed\u0142 do historii. Min\u0119\u0142o trzydzie\u015bci lat od\u00a0 pierwszego koncertu Starego Dobrego Ma\u0142\u017ce\u0144stwa, od kt\u00f3rego zacz\u0105\u0142 si\u0119 wielki sukces kompozytorski i\u00a0wokalny Krzysztofa Myszkowskiego i jego SDM. Ten koncert odby\u0142 si\u0119 w niewielkiej salce telewizyjnej, w akademiku Politechniki pozna\u0144skiej. Od pierwszej piosenki wzbudzi\u0142 absolutny entuzjazm obecnych tam wtedy szcz\u0119\u015bliwc\u00f3w.<\/p>\n<p>Dzi\u015b SDM przyci\u0105ga na koncerty t\u0142umy wielbicieli trzech pokole\u0144. Piosenki Krzysztofa Myszkowskiego do wybranych przez niego tekst\u00f3w poetyckich, za\u015bpiewane pi\u0119knym, pe\u0142nym szlachetno\u015bci wykonawczej g\u0142osem zna dzi\u015b ca\u0142a Polska. Tak si\u0119 szcz\u0119\u015bliwie z\u0142o\u017cy\u0142o, \u017ce dane mi by\u0142o ogl\u0105da\u0107 z bliska narodziny tego fenomenu. By\u0142em te\u017c powiernikiem niesamowitej tajemnicy, kiedy jeszcze by\u0142a tajemnic\u0105. Koncert w Auli UAM w Poznaniu 13 grudnia 2013 roku o godzinie 19:00. na kt\u00f3ry serdecznie zapraszam.<\/p>\n<p><strong>11 listopada 2013 roku<\/strong>, w Polskim Radiu Merkury w Poznaniu odby\u0142a si\u0119 dwugodzinna audycja pt. \u201eSDM &#8211; 30 lat\u201d z go\u015bcinnym udzia\u0142em Jana Hyjka &#8211; zaprzyja\u017anionego z Krzysztofem Myszkowskim. Prowadz\u0105cy audycj\u0119 wraz z go\u015bciem, \u0142\u0105czyli si\u0119 telefonicznie z Krzysztofem Myszkowskim.<br \/>\nA oto fragment audycji: <a href=\"https:\/\/www.youtube.com\/watch?v=y1M5QWFNE1I\" target=\"_blank\" rel=\"noopener noreferrer\">https:\/\/www.youtube.com\/watch?v=y1M5QWFNE1I<\/a><\/p>\n<p>By\u0142a te\u017c audycja w Radio Afera i kr\u00f3tki wywiad w Telewizji Kablowej Winogrady.<\/p>\n<p>*******************************************************<\/p>\n<p>Spotkania autorskie:<\/p>\n<p>2014 rok.<\/p>\n<ul>\n<li>we wrze\u015bniu 2014 r. &#8211; Biblioteka w <strong>Baranowie<\/strong><\/li>\n<li>we wrze\u015bniu\u00a02014 r. &#8211; Biblioteka w <strong>Mroczeniu<\/strong><\/li>\n<li>2014 r.\u00a0\u00a0\u00a0\u00a0\u00a0\u00a0\u00a0\u00a0\u00a0\u00a0\u00a0\u00a0\u00a0\u00a0\u00a0\u00a0\u00a0\u00a0\u00a0\u00a0 \u00a0 \u00a0 &#8211; Biblioteka w <strong>Skokach<\/strong> (2 spotkania)<\/li>\n<li>2014 r. \u00a0 \u00a0 \u00a0 \u00a0 \u00a0 \u00a0 \u00a0 \u00a0 \u00a0 \u00a0 \u00a0 \u00a0 &#8211; Biblioteka w <strong>Turku:\u00a0<\/strong><\/li>\n<li>spotkania w LO, w<strong> Turku<br \/>\n<\/strong><\/li>\n<li>w Gimnazjum w<strong> Dobrej<\/strong><\/li>\n<\/ul>\n<ul>\n<li>we wrze\u015bniu 2014 r. &#8211; Biblioteka w <strong>Trzcinicy (Laski)<br \/>\n<\/strong><\/li>\n<li>w maju 2014 r.\u00a0\u00a0\u00a0\u00a0\u00a0\u00a0\u00a0\u00a0\u00a0 &#8211; Biblioteka &#8211;\u00a0<strong>Krzykosy (Sul\u0119cinek)<\/strong><\/li>\n<li>w maju 2014 r.\u00a0\u00a0\u00a0\u00a0\u00a0\u00a0\u00a0\u00a0\u00a0 &#8211; Biblioteka w <strong>Zaniemy\u015blu<\/strong> <strong>(Luboniec)<\/strong><\/li>\n<li>w maju 2014 r.\u00a0\u00a0\u00a0\u00a0\u00a0\u00a0\u00a0\u00a0\u00a0 &#8211; Biblioteka w <strong>Sierakowie\u00a0<strong>(2 spotkania)<\/strong><\/strong><\/li>\n<li>w maju 2014 r.\u00a0\u00a0\u00a0\u00a0\u00a0\u00a0\u00a0\u00a0\u00a0 &#8211; Biblioteka w<strong> Chrzypsku Wielkim<\/strong><\/li>\n<li>w maju 2014 r.\u00a0\u00a0\u00a0\u00a0\u00a0\u00a0\u00a0\u00a0\u00a0 &#8211; Biblioteka w<strong> Kwilczu<\/strong><\/li>\n<\/ul>\n<ul>\n<li>w listopadzie 2013 r. &#8211; Biblioteka w <strong>Grodzisku<\/strong><\/li>\n<li>w listopadzie 2013 r. &#8211; Biblioteka w <strong>Jab\u0142onnie<\/strong><\/li>\n<li>w listopadzie 2013 r. &#8211; Biblioteka w <strong>Gnie\u017anie<\/strong>\u00a0 (patrz: wiadomo\u015bci lokalne Gniezno spotkanie z Janem Hyjkiem)<a title=\"Gniezno - spotkanie autorskie\" href=\"http:\/\/www.informacjelokalne.pl\/index.php?option=com_content&amp;view=article&amp;id=11087:jak-y-aby-by-czowiekiem-jana-hyjka-spotkanie-z-modzie&amp;catid=30:news-dnia)\"> Gniezno &#8211; spotkanie autorskie (informacjelokalne.pl) <\/a><\/li>\n<li>w listopadzie 2013 r. &#8211; Biblioteka w <strong>Czerniejewie<\/strong><\/li>\n<li>w maju 2013 r. spotkania autorskie w <strong>Dopiewie<\/strong> oraz Filii Biblioteki w <strong>Sk\u00f3rzewie<\/strong><\/li>\n<li>w maju 2013 r. spotkanie autorskie w <strong>D\u0105biu<\/strong><\/li>\n<li>w maju 2013 r.\u00a0 spotkanie autorskie w <strong>Padwi Narodowej<\/strong><\/li>\n<li>w maju 2013 r.\u00a0 spotkanie autorskie w<strong> Tuszowie Narodowym<\/strong><\/li>\n<li>w maju 2013 r.\u00a0 spotkanie autorskie w<strong> Mielcu<\/strong><\/li>\n<li>w czerwcu 2013 r. spotkanie autorskie w <strong>Budzyniu<\/strong><\/li>\n<\/ul>\n<ul>\n<li>Biblioteka w\u00a0 Lubaszu\u00a0 <strong>2012<\/strong><\/li>\n<li>Biblioteka w Kostrzynie Wielkopolskim (Gu\u0142towy) <strong>2012<\/strong><\/li>\n<li>Biblioteka w Nekli <strong>2012<\/strong><\/li>\n<li>Biblioteka w Margoninie <strong>2 <\/strong>spotkania<strong> 2012<\/strong><\/li>\n<li>Biblioteka w:\u00a0 Miasteczku Kraje\u0144skim <strong>2 <\/strong>spotkania<strong> 2012<\/strong><\/li>\n<li>Biblioteka w Bia\u0142o\u015bliwiu <strong>2012\u00a0 <\/strong><\/li>\n<li>Biblioteka w Witkowie <strong>2 <\/strong>spotkania (+Miel\u017cyn)<strong> 2012<\/strong><\/li>\n<li>Biblioteka w Jarocinie<\/li>\n<li>Biblioteka w Ostrowie Wielkopolskim <strong>2012 <\/strong><strong><br \/>\n<\/strong><\/li>\n<li>Szko\u0142a Podstawowa w Ostrowie Wielkopolskim (Medihelp)<strong> 2012<\/strong><\/li>\n<li>Biblioteka w Murowanej Go\u015blinie\u00a0<strong>2012<\/strong><\/li>\n<li>Biblioteka w W\u0105growcu -LO Nr 1 w W\u0105growcu <strong>2012 <\/strong><strong><br \/>\n<\/strong><\/li>\n<li>Biblioteka w Dusznikach\u00a0<strong>2012<\/strong><\/li>\n<li>Biblioteka w Pniewach<\/li>\n<li>Biblioteka im. Raczy\u0144skich w Poznaniu 2012<\/li>\n<\/ul>\n<ul>\n<li>Biblioteka we Wroc\u0142awiu, <strong>2<\/strong> spotkania<strong> 2011<\/strong><\/li>\n<li>Biblioteka we Wronkach (Fina\u0142 Konkursu) <strong>2011<\/strong><\/li>\n<li>Biblioteka w Ko\u015bcianie <strong>2011<\/strong><\/li>\n<li>Biblioteka we Wronkach <strong>2011<\/strong><\/li>\n<li>Biblioteka w Pobiedziskach (Letnisko) <strong>2011<\/strong><\/li>\n<li>Biblioteka w Skokach <strong>2<\/strong> spotkania: Skoki i Lechlin <strong>2011<\/strong><\/li>\n<li>Biblioteka w Wielichowie <strong>2011<\/strong><\/li>\n<li>Biblioteka w Kamie\u0144cu <strong>2011<\/strong><\/li>\n<\/ul>\n<ul>\n<li>Biblioteka w Komornikach <strong>2010<\/strong><\/li>\n<li>Biblioteka w St\u0119szewie <strong>2010<\/strong><\/li>\n<li>Biblioteka w Ko\u015bcianie <strong>2010<\/strong><\/li>\n<li>Pozna\u0144 fil. 11 Bibl. Raczy\u0144skich &#8211; KontenerART <strong>2010<\/strong><\/li>\n<li>Biblioteka w Zaniemy\u015blu <strong>2010<\/strong><\/li>\n<li>Biblioteka w \u0141eknie <strong>2010<\/strong><\/li>\n<li>Biblioteka w Mie\u015bcisku <strong>2010<\/strong><\/li>\n<li>Biblioteka w Chodzie\u017cy <strong>2010<\/strong><\/li>\n<li>Biblioteka w Budzyniu <strong>2010<\/strong><\/li>\n<li>Biblioteka w Kleszczewie <strong>2010<\/strong><\/li>\n<li>Biblioteka w Tulcach <strong>2010<\/strong><\/li>\n<li>Przygodzice <strong>2010<\/strong><\/li>\n<li>Jank\u00f3w Przygodzki <strong>2010<\/strong><\/li>\n<li>Pozna\u0144 fil. 23 Bibl. Raczy\u0144skich (2 raz) <strong>2010<\/strong><\/li>\n<li>Biblioteka w \u015amiglu <strong>2010<\/strong><\/li>\n<li>Biblioteka w Czaczu <strong>2010<\/strong><\/li>\n<\/ul>\n<ul>\n<li>Filie Biblioteki Raczy\u0144skich w Poznaniu:<\/li>\n<li>&#8211; Filia 15 ul. Fabianowo <strong>2009<\/strong><\/li>\n<li>&#8211; Filia 53 ul Robocza 4 <strong>2009<\/strong><\/li>\n<li>&#8211; Filia 14 ODK &#8222;D\u0105br\u00f3wka&#8221; <strong>2009<\/strong><\/li>\n<li>&#8211; Filia 20 ul. S\u0142owackiego 28 <strong>2009<\/strong><\/li>\n<li>&#8211; Filia 11 ul. Wroniecka 15 <strong>2009<\/strong><\/li>\n<li>&#8211; Filia 59 ul. Osinowa 14\/16 <strong>2009<\/strong><\/li>\n<li>&#8211; Filia 46 ul. Arciszewskiego 27 <strong>2009<\/strong><\/li>\n<li>&#8211; Filia 2 os. O\u015bwiecenia 59 <strong>2009<\/strong><\/li>\n<li>Biblioteka w Obornikach Wlkp. <strong>2009<\/strong><\/li>\n<li>Biblioteka w Ka\u017amierzu <strong>2009<\/strong><\/li>\n<li>(Biblioteka) Pobiedziska Letnisko <strong>2009<\/strong><\/li>\n<li>Biblioteka w Swarz\u0119dzu <strong>2009<\/strong><\/li>\n<li>Biblioteka w Dopiewie <strong>2009<\/strong><\/li>\n<li>Biblioteka w Luboniu <strong>2009<\/strong><\/li>\n<li>Pozna\u0144 fil. 23 Bibl. Raczy\u0144skich ( 1 raz ) <strong>2009<\/strong><\/li>\n<li>Biblioteka &#8211; sala kinowa &#8211; Wronki <strong>2009<\/strong><\/li>\n<li>Szko\u0142a im. b\u0142. U. Led\u00f3chowskiej w Poznaniu <strong>2009<\/strong><\/li>\n<li>Pozna\u0144 fil. 22 Bibl. Raczy\u0144skich &#8211; DK &#8222;Kr\u0105g&#8221; <strong>2009<\/strong><\/li>\n<li>Pozna\u0144 Klub Literacki &#8222;D\u0105br\u00f3wka&#8221; <strong>2009<\/strong><\/li>\n<\/ul>\n<ul>\n<li>Pod egid\u0105 biblioteki w Rokietnicy <strong>2008 <\/strong>(zak\u0142ad karny w Poznaniu)<strong><br \/>\n<\/strong><\/li>\n<li>LO Pobiedziska (Biblioteka) <strong>2008<\/strong><\/li>\n<li>Biblioteka w W\u0105growcu <strong>2007<\/strong><\/li>\n<\/ul>\n<p>&nbsp;<\/p>\n","protected":false},"excerpt":{"rendered":"<p>&nbsp; Poni\u017cej spis wszystkich odbytych spotka\u0144 autorskich. W sprawie spotka\u0144 autorskich\/recitali &#8211; tel.\u00a0605 725 821 W roku 2023: Nak\u0142o n. Noteci\u0105 &#8211; 30 listopada 2023 r. ok. 85 os\u00f3b kl. 7 i 8 Budzy\u0144 27. 10. 2023 r. &#8211; 2 &hellip; <a href=\"https:\/\/jan.hyjek.pl\/?page_id=10\">Czytaj dalej <span class=\"meta-nav\">&rarr;<\/span><\/a><\/p>\n","protected":false},"author":1,"featured_media":0,"parent":0,"menu_order":4,"comment_status":"open","ping_status":"open","template":"onecolumn-page.php","meta":{"footnotes":""},"class_list":["post-10","page","type-page","status-publish","hentry"],"_links":{"self":[{"href":"https:\/\/jan.hyjek.pl\/index.php?rest_route=\/wp\/v2\/pages\/10","targetHints":{"allow":["GET"]}}],"collection":[{"href":"https:\/\/jan.hyjek.pl\/index.php?rest_route=\/wp\/v2\/pages"}],"about":[{"href":"https:\/\/jan.hyjek.pl\/index.php?rest_route=\/wp\/v2\/types\/page"}],"author":[{"embeddable":true,"href":"https:\/\/jan.hyjek.pl\/index.php?rest_route=\/wp\/v2\/users\/1"}],"replies":[{"embeddable":true,"href":"https:\/\/jan.hyjek.pl\/index.php?rest_route=%2Fwp%2Fv2%2Fcomments&post=10"}],"version-history":[{"count":183,"href":"https:\/\/jan.hyjek.pl\/index.php?rest_route=\/wp\/v2\/pages\/10\/revisions"}],"predecessor-version":[{"id":1362,"href":"https:\/\/jan.hyjek.pl\/index.php?rest_route=\/wp\/v2\/pages\/10\/revisions\/1362"}],"wp:attachment":[{"href":"https:\/\/jan.hyjek.pl\/index.php?rest_route=%2Fwp%2Fv2%2Fmedia&parent=10"}],"curies":[{"name":"wp","href":"https:\/\/api.w.org\/{rel}","templated":true}]}}